{"id":81,"date":"2020-04-20T16:48:56","date_gmt":"2020-04-20T16:48:56","guid":{"rendered":"http:\/\/quesosesperanza.com\/?page_id=81"},"modified":"2020-10-14T15:43:15","modified_gmt":"2020-10-14T15:43:15","slug":"propriedades","status":"publish","type":"page","link":"https:\/\/quesosesperanza.com\/?page_id=81","title":{"rendered":"PROPIEDADES"},"content":{"rendered":"\n<div class=\"wp-block-group\"><div class=\"wp-block-group__inner-container is-layout-flow wp-block-group-is-layout-flow\">\n<figure class=\"wp-block-gallery columns-3 is-cropped wp-block-gallery-2 is-layout-flex wp-block-gallery-is-layout-flex\"><ul class=\"blocks-gallery-grid\"><li class=\"blocks-gallery-item\"><figure><img loading=\"lazy\" decoding=\"async\" width=\"1024\" height=\"755\" src=\"http:\/\/quesosesperanza.com\/wp-content\/uploads\/2020\/04\/QUESO-MANCHEGO-SEMICURADO_ESPERANZA-DEL-CASTILLO-1-1024x755.jpg\" alt=\"\" data-id=\"125\" class=\"wp-image-125\" srcset=\"https:\/\/quesosesperanza.com\/wp-content\/uploads\/2020\/04\/QUESO-MANCHEGO-SEMICURADO_ESPERANZA-DEL-CASTILLO-1-1024x755.jpg 1024w, https:\/\/quesosesperanza.com\/wp-content\/uploads\/2020\/04\/QUESO-MANCHEGO-SEMICURADO_ESPERANZA-DEL-CASTILLO-1-262x193.jpg 262w, https:\/\/quesosesperanza.com\/wp-content\/uploads\/2020\/04\/QUESO-MANCHEGO-SEMICURADO_ESPERANZA-DEL-CASTILLO-1-555x409.jpg 555w, https:\/\/quesosesperanza.com\/wp-content\/uploads\/2020\/04\/QUESO-MANCHEGO-SEMICURADO_ESPERANZA-DEL-CASTILLO-1-300x221.jpg 300w, https:\/\/quesosesperanza.com\/wp-content\/uploads\/2020\/04\/QUESO-MANCHEGO-SEMICURADO_ESPERANZA-DEL-CASTILLO-1-768x566.jpg 768w, https:\/\/quesosesperanza.com\/wp-content\/uploads\/2020\/04\/QUESO-MANCHEGO-SEMICURADO_ESPERANZA-DEL-CASTILLO-1-1536x1132.jpg 1536w, https:\/\/quesosesperanza.com\/wp-content\/uploads\/2020\/04\/QUESO-MANCHEGO-SEMICURADO_ESPERANZA-DEL-CASTILLO-1.jpg 1800w\" sizes=\"auto, (max-width: 1024px) 100vw, 1024px\" \/><\/figure><\/li><li class=\"blocks-gallery-item\"><figure><img loading=\"lazy\" decoding=\"async\" width=\"1024\" height=\"663\" src=\"http:\/\/quesosesperanza.com\/wp-content\/uploads\/2020\/04\/QUESO-DE-OVEJA_EL-ROMO-1-1024x663.jpg\" alt=\"\" data-id=\"126\" data-link=\"http:\/\/quesosesperanza.com\/?attachment_id=126\" class=\"wp-image-126\" srcset=\"https:\/\/quesosesperanza.com\/wp-content\/uploads\/2020\/04\/QUESO-DE-OVEJA_EL-ROMO-1-1024x663.jpg 1024w, https:\/\/quesosesperanza.com\/wp-content\/uploads\/2020\/04\/QUESO-DE-OVEJA_EL-ROMO-1-262x170.jpg 262w, https:\/\/quesosesperanza.com\/wp-content\/uploads\/2020\/04\/QUESO-DE-OVEJA_EL-ROMO-1-555x359.jpg 555w, https:\/\/quesosesperanza.com\/wp-content\/uploads\/2020\/04\/QUESO-DE-OVEJA_EL-ROMO-1-300x194.jpg 300w, https:\/\/quesosesperanza.com\/wp-content\/uploads\/2020\/04\/QUESO-DE-OVEJA_EL-ROMO-1-768x497.jpg 768w, https:\/\/quesosesperanza.com\/wp-content\/uploads\/2020\/04\/QUESO-DE-OVEJA_EL-ROMO-1.jpg 1476w\" sizes=\"auto, (max-width: 1024px) 100vw, 1024px\" \/><\/figure><\/li><li class=\"blocks-gallery-item\"><figure><img loading=\"lazy\" decoding=\"async\" width=\"1024\" height=\"754\" src=\"http:\/\/quesosesperanza.com\/wp-content\/uploads\/2020\/04\/QUESO-DE-CABRA-TIERNO_EL-RETAMAR-DE-CABRA-1-1024x754.jpg\" alt=\"\" data-id=\"127\" data-full-url=\"http:\/\/quesosesperanza.com\/wp-content\/uploads\/2020\/04\/QUESO-DE-CABRA-TIERNO_EL-RETAMAR-DE-CABRA-1.jpg\" data-link=\"http:\/\/quesosesperanza.com\/?attachment_id=127\" class=\"wp-image-127\" srcset=\"https:\/\/quesosesperanza.com\/wp-content\/uploads\/2020\/04\/QUESO-DE-CABRA-TIERNO_EL-RETAMAR-DE-CABRA-1-1024x754.jpg 1024w, https:\/\/quesosesperanza.com\/wp-content\/uploads\/2020\/04\/QUESO-DE-CABRA-TIERNO_EL-RETAMAR-DE-CABRA-1-262x193.jpg 262w, https:\/\/quesosesperanza.com\/wp-content\/uploads\/2020\/04\/QUESO-DE-CABRA-TIERNO_EL-RETAMAR-DE-CABRA-1-555x409.jpg 555w, https:\/\/quesosesperanza.com\/wp-content\/uploads\/2020\/04\/QUESO-DE-CABRA-TIERNO_EL-RETAMAR-DE-CABRA-1-300x221.jpg 300w, https:\/\/quesosesperanza.com\/wp-content\/uploads\/2020\/04\/QUESO-DE-CABRA-TIERNO_EL-RETAMAR-DE-CABRA-1-768x566.jpg 768w, https:\/\/quesosesperanza.com\/wp-content\/uploads\/2020\/04\/QUESO-DE-CABRA-TIERNO_EL-RETAMAR-DE-CABRA-1-1536x1132.jpg 1536w, https:\/\/quesosesperanza.com\/wp-content\/uploads\/2020\/04\/QUESO-DE-CABRA-TIERNO_EL-RETAMAR-DE-CABRA-1.jpg 1800w\" sizes=\"auto, (max-width: 1024px) 100vw, 1024px\" \/><\/figure><\/li><\/ul><\/figure>\n\n\n\n<h2 class=\"has-very-dark-gray-color has-text-color wp-block-heading\"><strong>Queso Manchego<\/strong><\/h2>\n\n\n\n<p class=\"has-very-dark-gray-color has-text-color has-medium-font-size\">El Queso Manchego es un alimento muy completo, que&nbsp;<strong>concentra todas las cualidades nutritivas de la leche<\/strong>. Contiene una elevada proporci\u00f3n de prote\u00ednas, lo que le hace ser incluso mas rico que la carne en estos elementos. En el queso manchego tambi\u00e9n est\u00e1n presentes vitaminas tan importantes como la A, la D y la E, fundamentales en procesos metab\u00f3licos, como el crecimiento, la conservaci\u00f3n de tejidos y la absorci\u00f3n de calcio.<br>Por su composici\u00f3n, se recomienda su consumo a todas las edades. Durante la etapa de crecimiento, por su alto contenido en calcio. Para los adultos, por la gran cantidad de prote\u00ednas que aporta, que cubren el desgaste producido a diario en estos principios inmediatos.<\/p>\n<\/div><\/div>\n\n\n\n<h2 class=\"has-very-dark-gray-color has-text-color wp-block-heading\"><strong>Queso de cabra<\/strong><\/h2>\n\n\n\n<p class=\"has-very-dark-gray-color has-text-color has-medium-font-size\">El&nbsp;<strong>queso de cabra<\/strong>&nbsp;es un tipo de queso con&nbsp;<strong>sabor<\/strong>&nbsp;<strong>intenso<\/strong>&nbsp;y olor caracter\u00edstico, normalmente su&nbsp;<strong>textura<\/strong>&nbsp;es una pasta compacta y cremosa, algo mantecosa en el paladar. El color suele ser uniforme y brillante, como el de la leche de cabra, de donde se obtiene este l\u00e1cteo.<br>La leche de cabra tiene un contenido menor de&nbsp;<strong>lactosa&nbsp;y case\u00edna<\/strong>&nbsp;respecto a la leche de vaca, por lo que puede ser una buena alternativa en ciertos casos.<br>Este tipo de queso se puede consumir como&nbsp;<strong>acompa\u00f1amiento de alguna comida<\/strong>, como entrante (combina muy bien con un vino tinto) o incluso en el desayuno, con unas tostadas, gracias a su f\u00e1cil digesti\u00f3n y su riqueza en prote\u00ednas y probi\u00f3ticos.<\/p>\n\n\n\n<h2 class=\"has-very-dark-gray-color has-text-color wp-block-heading\"><strong>Queso de oveja<\/strong><\/h2>\n\n\n\n<p class=\"has-very-dark-gray-color has-text-color has-medium-font-size\">Se ha demostrado cient\u00edficamente que la\u00a0leche cruda de oveja\u00a0tiene beneficios para la salud, por lo que el\u00a0<strong>queso de oveja<\/strong>\u00a0no pod\u00eda ser menos, entre otras propiedades, porque el queso de oveja posee una mayor cantidad de minerales y vitaminas que el queso de vaca.<br>El\u00a0<strong>queso de oveja<\/strong>\u00a0tiene los suficientes amino\u00e1cidos necesarios para que el organismo funcione perfectamente.<br>Una raci\u00f3n de\u00a0<strong>queso de oveja<\/strong>\u00a0nos permite cubrir las necesidades (cantidad diaria recomendada) de nutrientes que nuestro organismo necesita.<br>Es m\u00e1s digestivo que otros quesos, ya que la\u00a0leche de oveja\u00a0contiene menos lactosa que la de vaca.<\/p>\n\n\n\n<div style=\"height:50px\" aria-hidden=\"true\" class=\"wp-block-spacer\"><\/div>\n\n\n\n<figure class=\"wp-block-embed-youtube aligncenter wp-block-embed is-type-video is-provider-youtube wp-embed-aspect-4-3 wp-has-aspect-ratio\"><div class=\"wp-block-embed__wrapper\">\n<iframe loading=\"lazy\" title=\"Quesos esperanza\" width=\"980\" height=\"735\" src=\"https:\/\/www.youtube.com\/embed\/P1o79mKKPF0?feature=oembed\" frameborder=\"0\" allow=\"accelerometer; autoplay; clipboard-write; encrypted-media; gyroscope; picture-in-picture; web-share\" allowfullscreen><\/iframe>\n<\/div><\/figure>\n","protected":false},"excerpt":{"rendered":"<p>Queso Manchego El Queso Manchego es un alimento muy completo, que&nbsp;concentra todas las cualidades nutritivas de la leche. Contiene una elevada proporci\u00f3n de prote\u00ednas, lo que le hace ser incluso mas rico que la carne en estos elementos. En el queso manchego tambi\u00e9n est\u00e1n presentes vitaminas tan importantes como la A, la D y la [&hellip;]<\/p>\n","protected":false},"author":1,"featured_media":0,"parent":0,"menu_order":0,"comment_status":"closed","ping_status":"closed","template":"template-fullwidth.php","meta":{"footnotes":""},"class_list":["post-81","page","type-page","status-publish","hentry"],"jetpack_sharing_enabled":true,"_links":{"self":[{"href":"https:\/\/quesosesperanza.com\/index.php?rest_route=\/wp\/v2\/pages\/81","targetHints":{"allow":["GET"]}}],"collection":[{"href":"https:\/\/quesosesperanza.com\/index.php?rest_route=\/wp\/v2\/pages"}],"about":[{"href":"https:\/\/quesosesperanza.com\/index.php?rest_route=\/wp\/v2\/types\/page"}],"author":[{"embeddable":true,"href":"https:\/\/quesosesperanza.com\/index.php?rest_route=\/wp\/v2\/users\/1"}],"replies":[{"embeddable":true,"href":"https:\/\/quesosesperanza.com\/index.php?rest_route=%2Fwp%2Fv2%2Fcomments&post=81"}],"version-history":[{"count":15,"href":"https:\/\/quesosesperanza.com\/index.php?rest_route=\/wp\/v2\/pages\/81\/revisions"}],"predecessor-version":[{"id":550,"href":"https:\/\/quesosesperanza.com\/index.php?rest_route=\/wp\/v2\/pages\/81\/revisions\/550"}],"wp:attachment":[{"href":"https:\/\/quesosesperanza.com\/index.php?rest_route=%2Fwp%2Fv2%2Fmedia&parent=81"}],"curies":[{"name":"wp","href":"https:\/\/api.w.org\/{rel}","templated":true}]}}