{"id":352,"date":"2020-05-21T22:11:59","date_gmt":"2020-05-21T22:11:59","guid":{"rendered":"http:\/\/quesosesperanza.com\/?page_id=352"},"modified":"2021-11-09T14:41:55","modified_gmt":"2021-11-09T14:41:55","slug":"sobre-nosotros","status":"publish","type":"page","link":"https:\/\/quesosesperanza.com\/?page_id=352","title":{"rendered":"SOBRE NOSOTROS"},"content":{"rendered":"\n<div style=\"height:50px\" aria-hidden=\"true\" class=\"wp-block-spacer\"><\/div>\n\n\n\n<p class=\"has-text-align-left has-very-dark-gray-color has-text-color has-large-font-size\"><strong>ESPERANZA DEL CASTILLO, SABOR Y TRADICI\u00d3N.<\/strong><\/p>\n\n\n\n<p class=\"has-very-dark-gray-color has-text-color has-medium-font-size\">Somos una empresa familiar que data de 1952, fundada en el municipio de Pulgar, en los Montes de Toledo.<\/p>\n\n\n\n<p class=\"has-very-dark-gray-color has-text-color has-medium-font-size\">En los inicios de nuestra tercera generaci\u00f3n, hemos perfeccionado el m\u00e9todo de elaboraci\u00f3n de nuestros productos, sobre todo en nuestra especialidad: los Quesos D.O.P. Manchego.<\/p>\n\n\n\n<p class=\"has-very-dark-gray-color has-text-color has-medium-font-size\">Controlamos el proceso de producci\u00f3n desde el comienzo hasta el final, haciendo de nuestros ganaderos una parte integral de nuestro proyecto. De esta forma, conseguimos el mejor producto, asegurando la m\u00e1xima calidad.<\/p>\n\n\n\n<p class=\"has-very-dark-gray-color has-text-color has-medium-font-size\">Empleamos m\u00e9todos tradicionales en la elaboraci\u00f3n de nuestros quesos, como el embardurnado\/ba\u00f1o con aceite de oliva virgen extra durante su maduraci\u00f3n.<\/p>\n\n\n\n<p class=\"has-very-dark-gray-color has-text-color has-medium-font-size\">Presentamos un producto artesano, 100% natural, con el saber hacer de las generaciones previas, que guarda el aut\u00e9ntico sabor y calidad de siempre.<\/p>\n\n\n\n<div style=\"height:50px\" aria-hidden=\"true\" class=\"wp-block-spacer\"><\/div>\n\n\n\n<div class=\"wp-block-columns is-layout-flex wp-container-core-columns-is-layout-9d6595d7 wp-block-columns-is-layout-flex\">\n<div class=\"wp-block-column is-layout-flow wp-block-column-is-layout-flow\">\n<figure class=\"wp-block-image size-large\"><img loading=\"lazy\" decoding=\"async\" width=\"2271\" height=\"1705\" src=\"http:\/\/quesosesperanza.com\/wp-content\/uploads\/2020\/10\/FOTO-PREMIOS-scaled-edited-1.jpg\" alt=\"\" class=\"wp-image-587\" srcset=\"https:\/\/quesosesperanza.com\/wp-content\/uploads\/2020\/10\/FOTO-PREMIOS-scaled-edited-1.jpg 2271w, https:\/\/quesosesperanza.com\/wp-content\/uploads\/2020\/10\/FOTO-PREMIOS-scaled-edited-1-300x225.jpg 300w, https:\/\/quesosesperanza.com\/wp-content\/uploads\/2020\/10\/FOTO-PREMIOS-scaled-edited-1-1024x769.jpg 1024w, https:\/\/quesosesperanza.com\/wp-content\/uploads\/2020\/10\/FOTO-PREMIOS-scaled-edited-1-768x577.jpg 768w, https:\/\/quesosesperanza.com\/wp-content\/uploads\/2020\/10\/FOTO-PREMIOS-scaled-edited-1-1536x1153.jpg 1536w, https:\/\/quesosesperanza.com\/wp-content\/uploads\/2020\/10\/FOTO-PREMIOS-scaled-edited-1-2048x1538.jpg 2048w, https:\/\/quesosesperanza.com\/wp-content\/uploads\/2020\/10\/FOTO-PREMIOS-scaled-edited-1-262x197.jpg 262w, https:\/\/quesosesperanza.com\/wp-content\/uploads\/2020\/10\/FOTO-PREMIOS-scaled-edited-1-555x417.jpg 555w\" sizes=\"auto, (max-width: 2271px) 100vw, 2271px\" \/><\/figure>\n<\/div>\n\n\n\n<div class=\"wp-block-column is-layout-flow wp-block-column-is-layout-flow\">\n<figure class=\"wp-block-image size-large\"><img loading=\"lazy\" decoding=\"async\" width=\"2560\" height=\"1917\" src=\"http:\/\/quesosesperanza.com\/wp-content\/uploads\/2020\/10\/FOTO-TIENDA-scaled-edited.jpg\" alt=\"\" class=\"wp-image-585\" srcset=\"https:\/\/quesosesperanza.com\/wp-content\/uploads\/2020\/10\/FOTO-TIENDA-scaled-edited.jpg 2560w, https:\/\/quesosesperanza.com\/wp-content\/uploads\/2020\/10\/FOTO-TIENDA-scaled-edited-300x225.jpg 300w, https:\/\/quesosesperanza.com\/wp-content\/uploads\/2020\/10\/FOTO-TIENDA-scaled-edited-1024x767.jpg 1024w, https:\/\/quesosesperanza.com\/wp-content\/uploads\/2020\/10\/FOTO-TIENDA-scaled-edited-768x575.jpg 768w, https:\/\/quesosesperanza.com\/wp-content\/uploads\/2020\/10\/FOTO-TIENDA-scaled-edited-1536x1150.jpg 1536w, https:\/\/quesosesperanza.com\/wp-content\/uploads\/2020\/10\/FOTO-TIENDA-scaled-edited-2048x1534.jpg 2048w, https:\/\/quesosesperanza.com\/wp-content\/uploads\/2020\/10\/FOTO-TIENDA-scaled-edited-262x196.jpg 262w, https:\/\/quesosesperanza.com\/wp-content\/uploads\/2020\/10\/FOTO-TIENDA-scaled-edited-555x416.jpg 555w\" sizes=\"auto, (max-width: 2560px) 100vw, 2560px\" \/><\/figure>\n<\/div>\n<\/div>\n\n\n\n<div style=\"height:50px\" aria-hidden=\"true\" class=\"wp-block-spacer\"><\/div>\n\n\n\n<div class=\"wp-block-columns is-layout-flex wp-container-core-columns-is-layout-9d6595d7 wp-block-columns-is-layout-flex\">\n<div class=\"wp-block-column is-layout-flow wp-block-column-is-layout-flow\">\n<h1 class=\"has-large-font-size wp-block-heading\"><strong><span style=\"color:#000000\" class=\"tadv-color\">Premios nacionales<\/span><\/strong><\/h1>\n\n\n\n<div style=\"height:25px\" aria-hidden=\"true\" class=\"wp-block-spacer\"><\/div>\n\n\n\n<p class=\"has-medium-font-size\"><strong>PREMIOS ALIMENTOS DE ESPA\u00d1A<\/strong>. <strong>MINISTERIO DE AGRICULTURA<\/strong>.<\/p>\n\n\n\n<p class=\"has-normal-font-size\"><strong>2019<\/strong>:<\/p>\n\n\n\n<ul class=\"wp-block-list\"><li><strong>MEJOR QUESO DE CABRA DE ESPA\u00d1A<\/strong> \u201cEL RETAMAR DE CABRA\u201d.<\/li><\/ul>\n\n\n\n<p class=\"has-medium-font-size\"><strong>CINCHO<\/strong>.<\/p>\n\n\n\n<p class=\"has-normal-font-size\"><strong>2016:<\/strong><\/p>\n\n\n\n<ul class=\"wp-block-list\"><li><strong>CINCHO DE ORO &#8211; <\/strong>Queso manchego viejo \u201cEsperanza del Castillo\u201d.<\/li><li><strong>CINCHO DE ORO &#8211; <\/strong>Queso de cabra \u201cEl Retamar de Cabra\u201d.<\/li><\/ul>\n\n\n\n<p class=\"has-normal-font-size\"><strong>2003:<\/strong><\/p>\n\n\n\n<ul class=\"wp-block-list\"><li><strong>CINCHO DE PLATA<\/strong> &#8211; Queso manchego \u201cEsperanza del Castillo\u201d.<\/li><\/ul>\n\n\n\n<p class=\"has-medium-font-size\"><strong>GRAN SELECCI\u00d3N<\/strong>.<\/p>\n\n\n\n<p><strong>2021:<\/strong><\/p>\n\n\n\n<ul class=\"wp-block-list\"><li>SELECCI\u00d3N PLATA: Queso Manchego Curado \u00abEsperanza del Castillo\u00bb<\/li><\/ul>\n\n\n\n<ul class=\"wp-block-list\"><li>SELECCI\u00d3N BRONCE: Queso Manchego Semicurado \u00abEsperanza del Castillo\u00bb<\/li><\/ul>\n\n\n\n<p><strong>2020:<\/strong><\/p>\n\n\n\n<ul class=\"wp-block-list\"><li>SELECCI\u00d3N PLATA. Queso Manchego Semicurado \u00abEsperanza del Castillo\u00bb<\/li><li>SELECCI\u00d3N BRONCE: Queso Manchego Curado \u00abEsperanza del Castillo\u00bb<\/li><\/ul>\n\n\n\n<p class=\"has-normal-font-size\"><strong>2017:<\/strong><\/p>\n\n\n\n<ul class=\"wp-block-list\"><li>SELECCI\u00d3N PLATA. Queso de calidad diferenciada. Artesano Semicurado \u201cFinca Camporey\u201d.<\/li><li>SELECCI\u00d3N PLATA. Queso de calidad diferenciada. Manchego semicurado \u201cEsperanza del Castillo\u201d.<\/li><\/ul>\n\n\n\n<p class=\"has-normal-font-size\"><strong>2016:<\/strong><\/p>\n\n\n\n<ul class=\"wp-block-list\"><li>SELECCI\u00d3N ORO. Queso de Calidad diferenciada. Manchego semicurado \u201cEsperanza del Castillo\u201d.<\/li><\/ul>\n\n\n\n<p class=\"has-normal-font-size\"><strong>2011:<\/strong><\/p>\n\n\n\n<ul class=\"wp-block-list\"><li>PREMIO GRAN SELECCI\u00d3N por el mejor queso de calidad diferenciada para la marca \u201cEsperanza del Castillo\u201d.<\/li><\/ul>\n\n\n\n<p class=\"has-normal-font-size\"><strong>2009:<\/strong><\/p>\n\n\n\n<ul class=\"wp-block-list\"><li>SELECCI\u00d3N ORO. Queso de calidad diferenciada. Manchego curado \u201cEsperanza del Castillo\u201d.<\/li><\/ul>\n\n\n\n<p class=\"has-normal-font-size\"><strong>2008:<\/strong><\/p>\n\n\n\n<ul class=\"wp-block-list\"><li>SELECCI\u00d3N ORO. Queso de calidad diferenciada. Manchego curado \u201cEsperanza del Castillo\u201d.<\/li><\/ul>\n\n\n\n<p class=\"has-normal-font-size\"><strong>2004:<\/strong><\/p>\n\n\n\n<ul class=\"wp-block-list\"><li>Acc\u00e9sit. Queso manchego curado \u201cEsperanza del Castillo\u201d.<\/li><\/ul>\n\n\n\n<p class=\"has-medium-font-size\"><strong>GOURMET QUESOS. Los mejores quesos de Espa\u00f1a.<\/strong><\/p>\n\n\n\n<p class=\"has-normal-font-size\"><strong>2018:<\/strong><\/p>\n\n\n\n<ul class=\"wp-block-list\"><li>3\u00b0 premio. Queso de cabra curado. El Retamar de cabra.<\/li><\/ul>\n\n\n\n<p class=\"has-normal-font-size\"><strong>2006:<\/strong><\/p>\n\n\n\n<ul class=\"wp-block-list\"><li>FINALISTA. Queso manchego artesano semicurado \u201cFinca Camporey\u201d.<\/li><\/ul>\n\n\n\n<p class=\"has-normal-font-size\"><strong>2004:<\/strong><\/p>\n\n\n\n<ul class=\"wp-block-list\"><li>SEGUNDO PREMIO. Queso de mezcla \u201cEl Se\u00f1or Esperanza\u201d.<\/li><\/ul>\n\n\n\n<p class=\"has-normal-font-size\"><strong>2003:<\/strong><\/p>\n\n\n\n<ul class=\"wp-block-list\"><li>FINALISTA. Queso manchego curado \u201cEsperanza del Castillo\u201d.<\/li><li>FINALISTA. Queso de mezcla curado \u201cEl Se\u00f1or Esperanza\u201d.<\/li><\/ul>\n\n\n\n<p class=\"has-medium-font-size\"><strong>XVI GALARDONES FEDETO \u2013 FEDERACI\u00d3N EMPRESARIAL TOLEDANA.<\/strong><\/p>\n\n\n\n<p class=\"has-normal-font-size\"><strong>2012:<\/strong><\/p>\n\n\n\n<ul class=\"wp-block-list\"><li><strong>EMPRESARIA DEL A\u00d1O. <\/strong>Mar\u00eda del Carmen del Castillo Mart\u00edn.<\/li><\/ul>\n\n\n\n<p class=\"has-medium-font-size\"><strong>COFRAD\u00cdA DEL QUESO MANCHEGO. CONCURSO REGIONAL DE CALIDADES DE QUESO MANCHEGO<\/strong>.<\/p>\n\n\n\n<p class=\"has-normal-font-size\"><strong>2013:<\/strong><\/p>\n\n\n\n<ul class=\"wp-block-list\"><li>PRIMER PREMIO. Queso manchego semicurado \u201cEsperanza del Castillo\u201d.<\/li><\/ul>\n\n\n\n<p class=\"has-normal-font-size\"><strong>2010:<\/strong><\/p>\n\n\n\n<ul class=\"wp-block-list\"><li>PRIMER PREMIO. Queso manchego semicurado \u201cEsperanza del Castillo\u201d.<\/li><\/ul>\n<\/div>\n\n\n\n<div class=\"wp-block-column is-layout-flow wp-block-column-is-layout-flow\">\n<div style=\"height:25px\" aria-hidden=\"true\" class=\"wp-block-spacer\"><\/div>\n\n\n\n<figure class=\"wp-block-image size-large\"><img loading=\"lazy\" decoding=\"async\" width=\"411\" height=\"442\" src=\"http:\/\/quesosesperanza.com\/wp-content\/uploads\/2020\/10\/imagen_premio_calidad.jpg\" alt=\"\" class=\"wp-image-465\" srcset=\"https:\/\/quesosesperanza.com\/wp-content\/uploads\/2020\/10\/imagen_premio_calidad.jpg 411w, https:\/\/quesosesperanza.com\/wp-content\/uploads\/2020\/10\/imagen_premio_calidad-262x282.jpg 262w, https:\/\/quesosesperanza.com\/wp-content\/uploads\/2020\/10\/imagen_premio_calidad-279x300.jpg 279w\" sizes=\"auto, (max-width: 411px) 100vw, 411px\" \/><\/figure>\n\n\n\n<div style=\"height:50px\" aria-hidden=\"true\" class=\"wp-block-spacer\"><\/div>\n\n\n\n<h1 class=\"has-large-font-size wp-block-heading\"><span style=\"color:#000000\" class=\"tadv-color\"><strong>Premios internacionales<\/strong><\/span><\/h1>\n\n\n\n<div style=\"height:25px\" aria-hidden=\"true\" class=\"wp-block-spacer\"><\/div>\n\n\n\n<p class=\"has-medium-font-size\"><strong>WORLD CHEESE AWARDS<\/strong><\/p>\n\n\n\n<p><strong>2020-2021:<\/strong><\/p>\n\n\n\n<ul class=\"wp-block-list\"><li>GOLD : \u201cEsperanza del Castillo\u201d &#8211; D.O.P. QUESO Manchego Semicurado<\/li><\/ul>\n\n\n\n<ul class=\"wp-block-list\"><li>GOLD : \u201cEl Retamar de Cabra\u201d &#8211;  Queso de Cabra Curado<\/li><\/ul>\n\n\n\n<p class=\"has-normal-font-size\"><strong>2018-2019:<\/strong><\/p>\n\n\n\n<ul class=\"wp-block-list\"><li>ORO. Queso Manchego curado \u201cEsperanza del Castillo\u201d.<\/li><li>SILVER. Queso de Mezcla curado \u201cEl Se\u00f1or Esperanza\u201d.<\/li><li>BRONCE. Queso de cabra semicurado \u201cEl Retamar de Cabra\u201d.<\/li><\/ul>\n\n\n\n<p class=\"has-normal-font-size\"><strong>2017-2018:<\/strong><\/p>\n\n\n\n<ul class=\"wp-block-list\"><li>ORO. Queso Manchego curado \u201cEsperanza del Castillo\u201d.<\/li><li>PLATA. Queso de cabra curado \u201cEl Retamar de Cabra\u201d.<\/li><li>BRONCE. Queso de Mezcla en Aceite de Oliva Virgen Extra \u201cEl Se\u00f1or Esperanza\u201d.<\/li><li>BRONCE. Queso tierno de cabra con piment\u00f3n \u201cEl Retamar de Cabra\u201d.<\/li><li>BRONCE. Queso de mezcla curado \u201cEl Se\u00f1or Esperanza\u201d.<\/li><\/ul>\n\n\n\n<p class=\"has-normal-font-size\"><strong>2014:<\/strong><\/p>\n\n\n\n<ul class=\"wp-block-list\"><li>BRONCE. Queso de oveja curado \u201cEl Romo\u201d.<\/li><li>BRONCE. Queso de mezcla curado \u201cEl Se\u00f1or Esperanza\u201d.<\/li><\/ul>\n\n\n\n<p class=\"has-normal-font-size\"><strong>2013:<\/strong><\/p>\n\n\n\n<ul class=\"wp-block-list\"><li>ORO. Queso de oveja \u201cEl Romo\u201d.<\/li><li>PLATA. Queso de mezcla \u201cEl Se\u00f1or Esperanza\u201d.<\/li><\/ul>\n\n\n\n<p class=\"has-normal-font-size\"><strong>2012:<\/strong><\/p>\n\n\n\n<ul class=\"wp-block-list\"><li>PLATA. Queso manchego \u201cEsperanza del Castillo\u201d.<\/li><\/ul>\n\n\n\n<p class=\"has-normal-font-size\"><strong>2011:<\/strong><\/p>\n\n\n\n<ul class=\"wp-block-list\"><li>ORO. Queso de mezcla curado \u201cEl Se\u00f1or Esperanza\u201d.<\/li><li>BRONCE. Queso Manchego curado \u201cEsperanza del Castillo\u201d.<\/li><\/ul>\n\n\n\n<p class=\"has-normal-font-size\"><strong>2010:<\/strong><\/p>\n\n\n\n<ul class=\"wp-block-list\"><li>PLATA. Queso Manchego viejo \u201cEsperanza del Castillo\u201d.<\/li><li>PLATA. Queso de Mezcla \u201cEl Se\u00f1or Esperanza\u201d.<\/li><\/ul>\n<\/div>\n<\/div>\n","protected":false},"excerpt":{"rendered":"<p>ESPERANZA DEL CASTILLO, SABOR Y TRADICI\u00d3N. Somos una empresa familiar que data de 1952, fundada en el municipio de Pulgar, en los Montes de Toledo. En los inicios de nuestra tercera generaci\u00f3n, hemos perfeccionado el m\u00e9todo de elaboraci\u00f3n de nuestros productos, sobre todo en nuestra especialidad: los Quesos D.O.P. Manchego. Controlamos el proceso de producci\u00f3n [&hellip;]<\/p>\n","protected":false},"author":1,"featured_media":0,"parent":0,"menu_order":0,"comment_status":"closed","ping_status":"closed","template":"template-fullwidth.php","meta":{"footnotes":""},"class_list":["post-352","page","type-page","status-publish","hentry"],"jetpack_sharing_enabled":true,"_links":{"self":[{"href":"https:\/\/quesosesperanza.com\/index.php?rest_route=\/wp\/v2\/pages\/352","targetHints":{"allow":["GET"]}}],"collection":[{"href":"https:\/\/quesosesperanza.com\/index.php?rest_route=\/wp\/v2\/pages"}],"about":[{"href":"https:\/\/quesosesperanza.com\/index.php?rest_route=\/wp\/v2\/types\/page"}],"author":[{"embeddable":true,"href":"https:\/\/quesosesperanza.com\/index.php?rest_route=\/wp\/v2\/users\/1"}],"replies":[{"embeddable":true,"href":"https:\/\/quesosesperanza.com\/index.php?rest_route=%2Fwp%2Fv2%2Fcomments&post=352"}],"version-history":[{"count":69,"href":"https:\/\/quesosesperanza.com\/index.php?rest_route=\/wp\/v2\/pages\/352\/revisions"}],"predecessor-version":[{"id":861,"href":"https:\/\/quesosesperanza.com\/index.php?rest_route=\/wp\/v2\/pages\/352\/revisions\/861"}],"wp:attachment":[{"href":"https:\/\/quesosesperanza.com\/index.php?rest_route=%2Fwp%2Fv2%2Fmedia&parent=352"}],"curies":[{"name":"wp","href":"https:\/\/api.w.org\/{rel}","templated":true}]}}